{"id":1542,"date":"2026-02-09T14:58:33","date_gmt":"2026-02-09T14:58:33","guid":{"rendered":"https:\/\/kennotech.fi\/?page_id=1542"},"modified":"2026-02-11T11:16:06","modified_gmt":"2026-02-11T11:16:06","slug":"sijoittajille","status":"publish","type":"page","link":"https:\/\/kennotech.fi\/fi\/sijoittajille\/","title":{"rendered":"Sijoittajille"},"content":{"rendered":"<div data-elementor-type=\"wp-page\" data-elementor-id=\"1542\" class=\"elementor elementor-1542\" data-elementor-post-type=\"page\">\n\t\t\t\t<div class=\"elementor-element elementor-element-572ad39a e-flex e-con-boxed e-con e-parent\" data-id=\"572ad39a\" data-element_type=\"container\" data-e-type=\"container\" data-settings=\"{&quot;background_background&quot;:&quot;classic&quot;}\">\n\t\t\t\t\t<div class=\"e-con-inner\">\n\t\t\t\t<div class=\"elementor-element elementor-element-6eb3a25c elementor-widget elementor-widget-heading\" data-id=\"6eb3a25c\" data-element_type=\"widget\" data-e-type=\"widget\" data-widget_type=\"heading.default\">\n\t\t\t\t\t<h2 class=\"elementor-heading-title elementor-size-default\">Kenno Tech Oy<\/h2>\t\t\t\t<\/div>\n\t\t\t\t<div class=\"elementor-element elementor-element-6017d62f elementor-widget__width-initial elementor-widget elementor-widget-heading\" data-id=\"6017d62f\" data-element_type=\"widget\" data-e-type=\"widget\" data-widget_type=\"heading.default\">\n\t\t\t\t\t<h1 class=\"elementor-heading-title elementor-size-default\">SIJOITTAJILLE<\/h1>\t\t\t\t<\/div>\n\t\t<div class=\"elementor-element elementor-element-6d0b6f46 e-con-full e-flex e-con e-child\" data-id=\"6d0b6f46\" data-element_type=\"container\" data-e-type=\"container\" data-settings=\"{&quot;background_background&quot;:&quot;classic&quot;}\">\n\t\t\t\t<\/div>\n\t\t\t\t\t<\/div>\n\t\t\t\t<\/div>\n\t\t<div class=\"elementor-element elementor-element-4617dd33 e-flex e-con-boxed e-con e-parent\" data-id=\"4617dd33\" data-element_type=\"container\" data-e-type=\"container\">\n\t\t\t\t\t<div class=\"e-con-inner\">\n\t\t\t\t\t<\/div>\n\t\t\t\t<\/div>\n\t\t<div class=\"elementor-element elementor-element-8d1ab76 e-flex e-con-boxed e-con e-parent\" data-id=\"8d1ab76\" data-element_type=\"container\" data-e-type=\"container\">\n\t\t\t\t\t<div class=\"e-con-inner\">\n\t\t<div class=\"elementor-element elementor-element-113d7c7f e-con-full e-flex e-con e-child\" data-id=\"113d7c7f\" data-element_type=\"container\" data-e-type=\"container\">\n\t\t\t\t<div class=\"elementor-element elementor-element-23c70314 elementor-widget__width-initial elementor-widget elementor-widget-heading\" data-id=\"23c70314\" data-element_type=\"widget\" data-e-type=\"widget\" data-widget_type=\"heading.default\">\n\t\t\t\t\t<h2 class=\"elementor-heading-title elementor-size-default\">SIJOITTAJILLE<\/h2>\t\t\t\t<\/div>\n\t\t\t\t<div class=\"elementor-element elementor-element-3a88d64c elementor-widget__width-initial elementor-widget-mobile__width-inherit elementor-widget-tablet__width-inherit elementor-widget elementor-widget-text-editor\" data-id=\"3a88d64c\" data-element_type=\"widget\" data-e-type=\"widget\" data-widget_type=\"text-editor.default\">\n\t\t\t\t\t\t\t\t\t<p>\u00a0<\/p><p>Rahoituskierros kotimaisen puolustusteknologian kasvun tueksi<\/p><p>Kenno Tech Oy on suomalainen puolustusteknologian erikoisosaaja, jonka liikevaihdosta noin 97 % muodostuu nopeasti siirrett\u00e4vist\u00e4 ja rakennettavista linnoitustuotteista, joiden kysynt\u00e4 kasvaa kovaa vauhtia nykyisen liikkuvan taistelutavan ja droonien uhan takia.<\/p><p>Valmistaudumme kansainv\u00e4liseen kasvuun investoimalla uuteen valmistusteknologiaan, joka on optimoitu omaa Balpro\u00ae\ufe0f-tuoteperhett\u00e4mme varten. Samalla lis\u00e4\u00e4mme panostuksia vientiin ja tuotekehitykseen.<\/p><p>T\u00e4m\u00e4n kasvustrategian tueksi olemme avanneet uuden rahoituskierroksen minimisijoituksella 50 000 euroa, ja se tarjoaa sijoittajille mahdollisuuden olla mukana viem\u00e4ss\u00e4 kotimaista huipputeknologiaa kansainv\u00e4lisille markkinoille.<\/p><p>Haemme rahoitusta ensisijaisesti kotimaisilta sijoittajilta. Sijoitusmateriaali toimitetaan allekirjoitettua salassapitosopimusta vastaan. Mik\u00e4li sijoittaja l\u00f6ytyy, pystymme toimittamaan senomistajatiedot osana sijoitusprosessia.<\/p><p>Kiinnostuitko?<\/p><p>Jos harkitset sijoittamista ja haluat lis\u00e4tietoja, voit ilmoittaa kiinnostuksesi s\u00e4hk\u00f6postitse osoitteeseen:<\/p><p><a href=\"mailto:harri.pekkanen@kennotech.fi\">harri.pekkanen@kennotech.fi<\/a><\/p><p>Tule mukaan tukemaan suomalaista puolustusteknologiaa ja sen kansainv\u00e4list\u00e4 kasvua.<\/p>\t\t\t\t\t\t\t\t<\/div>\n\t\t<div class=\"elementor-element elementor-element-34a31ccf e-con-full e-flex e-con e-child\" data-id=\"34a31ccf\" data-element_type=\"container\" data-e-type=\"container\" data-settings=\"{&quot;background_background&quot;:&quot;classic&quot;}\">\n\t\t\t\t<\/div>\n\t\t\t\t<\/div>\n\t\t<div class=\"elementor-element elementor-element-2aed56a6 e-con-full e-flex e-con e-child\" data-id=\"2aed56a6\" data-element_type=\"container\" data-e-type=\"container\">\n\t\t\t\t<\/div>\n\t\t\t\t\t<\/div>\n\t\t\t\t<\/div>\n\t\t<div class=\"elementor-element elementor-element-20ea67a2 e-flex e-con-boxed e-con e-parent\" data-id=\"20ea67a2\" data-element_type=\"container\" data-e-type=\"container\">\n\t\t\t\t\t<div class=\"e-con-inner\">\n\t\t\t\t\t<\/div>\n\t\t\t\t<\/div>\n\t\t<div class=\"elementor-element elementor-element-4db2265a e-flex e-con-boxed e-con e-parent\" data-id=\"4db2265a\" data-element_type=\"container\" data-e-type=\"container\">\n\t\t\t\t\t<div class=\"e-con-inner\">\n\t\t<div class=\"elementor-element elementor-element-80b7158 e-con-full e-flex e-con e-child\" data-id=\"80b7158\" data-element_type=\"container\" data-e-type=\"container\" data-settings=\"{&quot;background_background&quot;:&quot;classic&quot;}\">\n\t\t\t\t<div class=\"elementor-element elementor-element-36277cb elementor-widget__width-inherit elementor-widget elementor-widget-heading\" data-id=\"36277cb\" data-element_type=\"widget\" data-e-type=\"widget\" data-widget_type=\"heading.default\">\n\t\t\t\t\t<h2 class=\"elementor-heading-title elementor-size-default\">Contact Form<\/h2>\t\t\t\t<\/div>\n\t\t\t\t<div class=\"elementor-element elementor-element-e05e24a elementor-widget elementor-widget-shortcode\" data-id=\"e05e24a\" data-element_type=\"widget\" data-e-type=\"widget\" data-widget_type=\"shortcode.default\">\n\t\t\t\t\t\t\t<div class=\"elementor-shortcode\"><div class=\"forminator-ui forminator-custom-form forminator-custom-form-745 forminator-design--default  forminator_ajax\" data-forminator-render=\"0\" data-form=\"forminator-module-745\" data-uid=\"69e1487075e64\"><br\/><\/div><form\r\n\t\t\t\tid=\"forminator-module-745\"\r\n\t\t\t\tclass=\"forminator-ui forminator-custom-form forminator-custom-form-745 forminator-design--default  forminator_ajax\"\r\n\t\t\t\tmethod=\"post\"\r\n\t\t\t\tdata-forminator-render=\"0\"\r\n\t\t\t\tdata-form-id=\"745\"\r\n\t\t\t\t data-color-option=\"theme\" data-design=\"default\" data-grid=\"open\" style=\"display: none;\"\r\n\t\t\t\tdata-uid=\"69e1487075e64\" action=\"\"\r\n\t\t\t><div role=\"alert\" aria-live=\"polite\" class=\"forminator-response-message forminator-error\" aria-hidden=\"true\"><\/div><div class=\"forminator-row\"><div id=\"name-1\" class=\"forminator-field-name forminator-col forminator-col-12\"><div class=\"forminator-row forminator-no-margin\" data-multiple=\"true\"><div class=\"forminator-col forminator-col-md-6\"><div class=\"forminator-field\"><label for=\"forminator-field-first-name-1_69e1487075e64\" id=\"forminator-field-first-name-1_69e1487075e64-label\" class=\"forminator-label\">First Name <span class=\"forminator-required\">*<\/span><\/label><input type=\"text\" name=\"name-1-first-name\" placeholder=\"First Name\" id=\"forminator-field-first-name-1_69e1487075e64\" class=\"forminator-input\" aria-required=\"true\" data-multi=\"1\" autocomplete=\"given-name\" value=\"\" \/><\/div><\/div><div class=\"forminator-col forminator-col-md-6\"><div class=\"forminator-field\"><label for=\"forminator-field-last-name-1_69e1487075e64\" id=\"forminator-field-last-name-1_69e1487075e64-label\" class=\"forminator-label\">Last Name <span class=\"forminator-required\">*<\/span><\/label><input type=\"text\" name=\"name-1-last-name\" placeholder=\"Surname\" id=\"forminator-field-last-name-1_69e1487075e64\" class=\"forminator-input\" aria-required=\"true\" data-multi=\"1\" autocomplete=\"family-name\" value=\"\" \/><\/div><\/div><\/div><\/div><\/div><div class=\"forminator-row\"><div id=\"email-1\" class=\"forminator-field-email forminator-col forminator-col-6\"><div class=\"forminator-field\"><label for=\"forminator-field-email-1_69e1487075e64\" id=\"forminator-field-email-1_69e1487075e64-label\" class=\"forminator-label\">Email Address <span class=\"forminator-required\">*<\/span><\/label><input type=\"email\" name=\"email-1\" value=\"\" placeholder=\"Email Address\" id=\"forminator-field-email-1_69e1487075e64\" class=\"forminator-input forminator-email--field\" data-required=\"1\" aria-required=\"true\" autocomplete=\"email\" \/><\/div><\/div><div id=\"phone-1\" class=\"forminator-field-phone forminator-col forminator-col-6\"><div class=\"forminator-field\"><label for=\"forminator-field-phone-1_69e1487075e64\" id=\"forminator-field-phone-1_69e1487075e64-label\" class=\"forminator-label\">Phone <span class=\"forminator-required\">*<\/span><\/label><input type=\"text\" name=\"phone-1\" value=\"\" placeholder=\"Telephone No.\" id=\"forminator-field-phone-1_69e1487075e64\" class=\"forminator-input forminator-field--phone\" data-required=\"1\" aria-required=\"true\" autocomplete=\"off\" \/><\/div><\/div><\/div><div class=\"forminator-row\"><div id=\"textarea-1\" class=\"forminator-field-textarea forminator-col forminator-col-12\"><div class=\"forminator-field\"><label for=\"forminator-field-textarea-1_69e1487075e64\" id=\"forminator-field-textarea-1_69e1487075e64-label\" class=\"forminator-label\">Message <span class=\"forminator-required\">*<\/span><\/label><textarea name=\"textarea-1\" placeholder=\"Message\" id=\"forminator-field-textarea-1_69e1487075e64\" class=\"forminator-textarea\" rows=\"6\" style=\"min-height:140px;\" ><\/textarea><\/div><\/div><\/div><input type=\"hidden\" name=\"referer_url\" value=\"\" \/><div class=\"forminator-row forminator-row-last\"><div class=\"forminator-col\"><div class=\"forminator-field\"><button class=\"forminator-button forminator-button-submit\">Send Message<\/button><\/div><\/div><\/div><input type=\"hidden\" id=\"forminator_nonce\" name=\"forminator_nonce\" value=\"721786099e\" \/><input type=\"hidden\" name=\"_wp_http_referer\" value=\"\/fi\/wp-json\/wp\/v2\/pages\/1542\" \/><input type=\"hidden\" name=\"form_id\" value=\"745\"><input type=\"hidden\" name=\"page_id\" value=\"1542\"><input type=\"hidden\" name=\"form_type\" value=\"default\"><input type=\"hidden\" name=\"current_url\" value=\"https:\/\/kennotech.fi\/fi\/sijoittajille\/\"><input type=\"hidden\" name=\"render_id\" value=\"0\"><input type=\"hidden\" name=\"action\" value=\"forminator_submit_form_custom-forms\"><input type=\"hidden\" name=\"trp-form-language\" value=\"fi\"\/><\/form><\/div>\n\t\t\t\t\t\t<\/div>\n\t\t\t\t<\/div>\n\t\t\t\t\t<\/div>\n\t\t\t\t<\/div>\n\t\t\t\t<\/div>","protected":false},"excerpt":{"rendered":"<p>Kenno Tech Oy SIJOITTAJILLE SIJOITTAJILLE \u00a0 Rahoituskierros kotimaisen puolustusteknologian kasvun tueksi Kenno Tech Oy on suomalainen puolustusteknologian erikoisosaaja, jonka liikevaihdosta noin 97 % muodostuu nopeasti siirrett\u00e4vist\u00e4 ja rakennettavista linnoitustuotteista, joiden kysynt\u00e4 kasvaa kovaa vauhtia nykyisen liikkuvan taistelutavan ja droonien uhan takia. Valmistaudumme kansainv\u00e4liseen kasvuun investoimalla uuteen valmistusteknologiaan, joka on optimoitu omaa Balpro\u00ae\ufe0f-tuoteperhett\u00e4mme varten. Samalla lis\u00e4\u00e4mme [&hellip;]<\/p>","protected":false},"author":3,"featured_media":0,"parent":0,"menu_order":0,"comment_status":"closed","ping_status":"closed","template":"","meta":{"footnotes":""},"class_list":["post-1542","page","type-page","status-publish","hentry"],"_links":{"self":[{"href":"https:\/\/kennotech.fi\/fi\/wp-json\/wp\/v2\/pages\/1542","targetHints":{"allow":["GET"]}}],"collection":[{"href":"https:\/\/kennotech.fi\/fi\/wp-json\/wp\/v2\/pages"}],"about":[{"href":"https:\/\/kennotech.fi\/fi\/wp-json\/wp\/v2\/types\/page"}],"author":[{"embeddable":true,"href":"https:\/\/kennotech.fi\/fi\/wp-json\/wp\/v2\/users\/3"}],"replies":[{"embeddable":true,"href":"https:\/\/kennotech.fi\/fi\/wp-json\/wp\/v2\/comments?post=1542"}],"version-history":[{"count":5,"href":"https:\/\/kennotech.fi\/fi\/wp-json\/wp\/v2\/pages\/1542\/revisions"}],"predecessor-version":[{"id":1553,"href":"https:\/\/kennotech.fi\/fi\/wp-json\/wp\/v2\/pages\/1542\/revisions\/1553"}],"wp:attachment":[{"href":"https:\/\/kennotech.fi\/fi\/wp-json\/wp\/v2\/media?parent=1542"}],"curies":[{"name":"wp","href":"https:\/\/api.w.org\/{rel}","templated":true}]}}