{"id":740,"date":"2025-10-10T01:48:22","date_gmt":"2025-10-10T01:48:22","guid":{"rendered":"https:\/\/kennotech.fi\/?page_id=740"},"modified":"2026-03-16T10:50:49","modified_gmt":"2026-03-16T10:50:49","slug":"contact-us","status":"publish","type":"page","link":"https:\/\/kennotech.fi\/fi\/contact-us\/","title":{"rendered":"Contact Us"},"content":{"rendered":"<div data-elementor-type=\"wp-page\" data-elementor-id=\"740\" class=\"elementor elementor-740\" data-elementor-post-type=\"page\">\n\t\t\t\t<div class=\"elementor-element elementor-element-572ad39a e-flex e-con-boxed e-con e-parent\" data-id=\"572ad39a\" data-element_type=\"container\" data-e-type=\"container\" data-settings=\"{&quot;background_background&quot;:&quot;classic&quot;}\">\n\t\t\t\t\t<div class=\"e-con-inner\">\n\t\t\t\t<div class=\"elementor-element elementor-element-6eb3a25c elementor-widget elementor-widget-heading\" data-id=\"6eb3a25c\" data-element_type=\"widget\" data-e-type=\"widget\" data-widget_type=\"heading.default\">\n\t\t\t\t\t<h2 class=\"elementor-heading-title elementor-size-default\">Contact Us<\/h2>\t\t\t\t<\/div>\n\t\t\t\t<div class=\"elementor-element elementor-element-6017d62f elementor-widget__width-initial elementor-widget elementor-widget-heading\" data-id=\"6017d62f\" data-element_type=\"widget\" data-e-type=\"widget\" data-widget_type=\"heading.default\">\n\t\t\t\t\t<h1 class=\"elementor-heading-title elementor-size-default\">Get in Touch<\/h1>\t\t\t\t<\/div>\n\t\t<div class=\"elementor-element elementor-element-6d0b6f46 e-con-full e-flex e-con e-child\" data-id=\"6d0b6f46\" data-element_type=\"container\" data-e-type=\"container\" data-settings=\"{&quot;background_background&quot;:&quot;classic&quot;}\">\n\t\t\t\t<\/div>\n\t\t\t\t\t<\/div>\n\t\t\t\t<\/div>\n\t\t<div class=\"elementor-element elementor-element-80b7158 e-flex e-con-boxed e-con e-parent\" data-id=\"80b7158\" data-element_type=\"container\" data-e-type=\"container\" data-settings=\"{&quot;background_background&quot;:&quot;classic&quot;}\">\n\t\t\t\t\t<div class=\"e-con-inner\">\n\t\t\t\t<div class=\"elementor-element elementor-element-36277cb elementor-widget__width-inherit elementor-widget elementor-widget-heading\" data-id=\"36277cb\" data-element_type=\"widget\" data-e-type=\"widget\" data-widget_type=\"heading.default\">\n\t\t\t\t\t<h2 class=\"elementor-heading-title elementor-size-default\">Contact Form<\/h2>\t\t\t\t<\/div>\n\t\t\t\t<div class=\"elementor-element elementor-element-e05e24a elementor-widget elementor-widget-shortcode\" data-id=\"e05e24a\" data-element_type=\"widget\" data-e-type=\"widget\" data-widget_type=\"shortcode.default\">\n\t\t\t\t\t\t\t<div class=\"elementor-shortcode\"><div class=\"forminator-ui forminator-custom-form forminator-custom-form-745 forminator-design--default  forminator_ajax\" data-forminator-render=\"0\" data-form=\"forminator-module-745\" data-uid=\"69e78d543ca46\"><br\/><\/div><form\r\n\t\t\t\tid=\"forminator-module-745\"\r\n\t\t\t\tclass=\"forminator-ui forminator-custom-form forminator-custom-form-745 forminator-design--default  forminator_ajax\"\r\n\t\t\t\tmethod=\"post\"\r\n\t\t\t\tdata-forminator-render=\"0\"\r\n\t\t\t\tdata-form-id=\"745\"\r\n\t\t\t\t data-color-option=\"theme\" data-design=\"default\" data-grid=\"open\" style=\"display: none;\"\r\n\t\t\t\tdata-uid=\"69e78d543ca46\" action=\"\"\r\n\t\t\t><div role=\"alert\" aria-live=\"polite\" class=\"forminator-response-message forminator-error\" aria-hidden=\"true\"><\/div><div class=\"forminator-row\"><div id=\"name-1\" class=\"forminator-field-name forminator-col forminator-col-12\"><div class=\"forminator-row forminator-no-margin\" data-multiple=\"true\"><div class=\"forminator-col forminator-col-md-6\"><div class=\"forminator-field\"><label for=\"forminator-field-first-name-1_69e78d543ca46\" id=\"forminator-field-first-name-1_69e78d543ca46-label\" class=\"forminator-label\">First Name <span class=\"forminator-required\">*<\/span><\/label><input type=\"text\" name=\"name-1-first-name\" placeholder=\"First Name\" id=\"forminator-field-first-name-1_69e78d543ca46\" class=\"forminator-input\" aria-required=\"true\" data-multi=\"1\" autocomplete=\"given-name\" value=\"\" \/><\/div><\/div><div class=\"forminator-col forminator-col-md-6\"><div class=\"forminator-field\"><label for=\"forminator-field-last-name-1_69e78d543ca46\" id=\"forminator-field-last-name-1_69e78d543ca46-label\" class=\"forminator-label\">Last Name <span class=\"forminator-required\">*<\/span><\/label><input type=\"text\" name=\"name-1-last-name\" placeholder=\"Surname\" id=\"forminator-field-last-name-1_69e78d543ca46\" class=\"forminator-input\" aria-required=\"true\" data-multi=\"1\" autocomplete=\"family-name\" value=\"\" \/><\/div><\/div><\/div><\/div><\/div><div class=\"forminator-row\"><div id=\"email-1\" class=\"forminator-field-email forminator-col forminator-col-6\"><div class=\"forminator-field\"><label for=\"forminator-field-email-1_69e78d543ca46\" id=\"forminator-field-email-1_69e78d543ca46-label\" class=\"forminator-label\">Email Address <span class=\"forminator-required\">*<\/span><\/label><input type=\"email\" name=\"email-1\" value=\"\" placeholder=\"Email Address\" id=\"forminator-field-email-1_69e78d543ca46\" class=\"forminator-input forminator-email--field\" data-required=\"1\" aria-required=\"true\" autocomplete=\"email\" \/><\/div><\/div><div id=\"phone-1\" class=\"forminator-field-phone forminator-col forminator-col-6\"><div class=\"forminator-field\"><label for=\"forminator-field-phone-1_69e78d543ca46\" id=\"forminator-field-phone-1_69e78d543ca46-label\" class=\"forminator-label\">Phone <span class=\"forminator-required\">*<\/span><\/label><input type=\"text\" name=\"phone-1\" value=\"\" placeholder=\"Telephone No.\" id=\"forminator-field-phone-1_69e78d543ca46\" class=\"forminator-input forminator-field--phone\" data-required=\"1\" aria-required=\"true\" autocomplete=\"off\" \/><\/div><\/div><\/div><div class=\"forminator-row\"><div id=\"textarea-1\" class=\"forminator-field-textarea forminator-col forminator-col-12\"><div class=\"forminator-field\"><label for=\"forminator-field-textarea-1_69e78d543ca46\" id=\"forminator-field-textarea-1_69e78d543ca46-label\" class=\"forminator-label\">Message <span class=\"forminator-required\">*<\/span><\/label><textarea name=\"textarea-1\" placeholder=\"Message\" id=\"forminator-field-textarea-1_69e78d543ca46\" class=\"forminator-textarea\" rows=\"6\" style=\"min-height:140px;\" ><\/textarea><\/div><\/div><\/div><input type=\"hidden\" name=\"referer_url\" value=\"\" \/><div class=\"forminator-row forminator-row-last\"><div class=\"forminator-col\"><div class=\"forminator-field\"><button class=\"forminator-button forminator-button-submit\">Send Message<\/button><\/div><\/div><\/div><input type=\"hidden\" id=\"forminator_nonce\" name=\"forminator_nonce\" value=\"fb261bc0a4\" \/><input type=\"hidden\" name=\"_wp_http_referer\" value=\"\/fi\/wp-json\/wp\/v2\/pages\/740\" \/><input type=\"hidden\" name=\"form_id\" value=\"745\"><input type=\"hidden\" name=\"page_id\" value=\"740\"><input type=\"hidden\" name=\"form_type\" value=\"default\"><input type=\"hidden\" name=\"current_url\" value=\"https:\/\/kennotech.fi\/fi\/contact-us\/\"><input type=\"hidden\" name=\"render_id\" value=\"0\"><input type=\"hidden\" name=\"action\" value=\"forminator_submit_form_custom-forms\"><input type=\"hidden\" name=\"trp-form-language\" value=\"fi\"\/><\/form><\/div>\n\t\t\t\t\t\t<\/div>\n\t\t\t\t\t<\/div>\n\t\t\t\t<\/div>\n\t\t<div class=\"elementor-element elementor-element-bc19811 e-flex e-con-boxed e-con e-parent\" data-id=\"bc19811\" data-element_type=\"container\" data-e-type=\"container\" data-settings=\"{&quot;background_background&quot;:&quot;classic&quot;}\">\n\t\t\t\t\t<div class=\"e-con-inner\">\n\t\t\t\t<div class=\"elementor-element elementor-element-16ddeaa elementor-widget__width-inherit elementor-widget elementor-widget-heading\" data-id=\"16ddeaa\" data-element_type=\"widget\" data-e-type=\"widget\" data-widget_type=\"heading.default\">\n\t\t\t\t\t<h2 class=\"elementor-heading-title elementor-size-default\">Specific Enquiries<\/h2>\t\t\t\t<\/div>\n\t\t\t\t<div class=\"elementor-element elementor-element-a0ffcd5 elementor-widget__width-initial elementor-hidden-tablet elementor-hidden-mobile elementor-widget elementor-widget-image\" data-id=\"a0ffcd5\" data-element_type=\"widget\" data-e-type=\"widget\" data-widget_type=\"image.default\">\n\t\t\t\t\t\t\t\t\t\t\t\t\t\t\t<img fetchpriority=\"high\" decoding=\"async\" width=\"151\" height=\"660\" src=\"https:\/\/kennotech.fi\/wp-content\/uploads\/2025\/10\/KENNO-Vertical-SVG.svg\" class=\"attachment-large size-large wp-image-188\" alt=\"\" \/>\t\t\t\t\t\t\t\t\t\t\t\t\t\t\t<\/div>\n\t\t<div class=\"elementor-element elementor-element-4923d4b e-con-full e-flex e-con e-child\" data-id=\"4923d4b\" data-element_type=\"container\" data-e-type=\"container\">\n\t\t<div class=\"elementor-element elementor-element-3a06c30 e-con-full e-flex e-con e-child\" data-id=\"3a06c30\" data-element_type=\"container\" data-e-type=\"container\">\n\t\t\t\t<div class=\"elementor-element elementor-element-9526136 elementor-widget elementor-widget-heading\" data-id=\"9526136\" data-element_type=\"widget\" data-e-type=\"widget\" data-widget_type=\"heading.default\">\n\t\t\t\t\t<h2 class=\"elementor-heading-title elementor-size-default\">Sales<\/h2>\t\t\t\t<\/div>\n\t\t\t\t<div class=\"elementor-element elementor-element-1078a17 elementor-widget-tablet__width-inherit elementor-widget elementor-widget-heading\" data-id=\"1078a17\" data-element_type=\"widget\" data-e-type=\"widget\" data-widget_type=\"heading.default\">\n\t\t\t\t\t<p class=\"elementor-heading-title elementor-size-default\">\/   Tehdaskyl\u00e4nkatu 3, 11710 RIIHIM\u00c4KI, FINLAND<\/p>\t\t\t\t<\/div>\n\t\t\t\t<div class=\"elementor-element elementor-element-dc0456f elementor-widget-tablet__width-inherit elementor-widget elementor-widget-heading\" data-id=\"dc0456f\" data-element_type=\"widget\" data-e-type=\"widget\" data-widget_type=\"heading.default\">\n\t\t\t\t\t<p class=\"elementor-heading-title elementor-size-default\">sales@kennotech.fi<\/p>\t\t\t\t<\/div>\n\t\t\t\t<\/div>\n\t\t<div class=\"elementor-element elementor-element-47d4a03 e-con-full e-flex e-con e-child\" data-id=\"47d4a03\" data-element_type=\"container\" data-e-type=\"container\">\n\t\t\t\t<div class=\"elementor-element elementor-element-307783b elementor-widget elementor-widget-heading\" data-id=\"307783b\" data-element_type=\"widget\" data-e-type=\"widget\" data-widget_type=\"heading.default\">\n\t\t\t\t\t<h2 class=\"elementor-heading-title elementor-size-default\">Office<\/h2>\t\t\t\t<\/div>\n\t\t\t\t<div class=\"elementor-element elementor-element-4febd07 elementor-widget-tablet__width-inherit elementor-widget elementor-widget-heading\" data-id=\"4febd07\" data-element_type=\"widget\" data-e-type=\"widget\" data-widget_type=\"heading.default\">\n\t\t\t\t\t<p class=\"elementor-heading-title elementor-size-default\">\/   Tehtaankatu 13A, 11710 RIIHIM\u00c4KI, FINLAND<\/p>\t\t\t\t<\/div>\n\t\t\t\t<div class=\"elementor-element elementor-element-4f8e8c8 elementor-widget-tablet__width-inherit elementor-widget elementor-widget-heading\" data-id=\"4f8e8c8\" data-element_type=\"widget\" data-e-type=\"widget\" data-widget_type=\"heading.default\">\n\t\t\t\t\t<p class=\"elementor-heading-title elementor-size-default\">info@kennotech.fi<\/p>\t\t\t\t<\/div>\n\t\t\t\t<\/div>\n\t\t<div class=\"elementor-element elementor-element-68d9427 e-con-full e-flex e-con e-child\" data-id=\"68d9427\" data-element_type=\"container\" data-e-type=\"container\">\n\t\t\t\t<div class=\"elementor-element elementor-element-326a36f elementor-widget elementor-widget-heading\" data-id=\"326a36f\" data-element_type=\"widget\" data-e-type=\"widget\" data-widget_type=\"heading.default\">\n\t\t\t\t\t<h2 class=\"elementor-heading-title elementor-size-default\">FACTORY<\/h2>\t\t\t\t<\/div>\n\t\t\t\t<div class=\"elementor-element elementor-element-22f838f elementor-widget-tablet__width-inherit elementor-widget elementor-widget-heading\" data-id=\"22f838f\" data-element_type=\"widget\" data-e-type=\"widget\" data-widget_type=\"heading.default\">\n\t\t\t\t\t<p class=\"elementor-heading-title elementor-size-default\">\/   Tehdaskyl\u00e4nkatu 3, 11710 RIIHIM\u00c4KI, FINLAND<\/p>\t\t\t\t<\/div>\n\t\t\t\t<div class=\"elementor-element elementor-element-1e18a77 elementor-widget-tablet__width-inherit elementor-widget elementor-widget-heading\" data-id=\"1e18a77\" data-element_type=\"widget\" data-e-type=\"widget\" data-widget_type=\"heading.default\">\n\t\t\t\t\t<p class=\"elementor-heading-title elementor-size-default\">info@kennotech.fi<\/p>\t\t\t\t<\/div>\n\t\t\t\t<\/div>\n\t\t\t\t<\/div>\n\t\t\t\t\t<\/div>\n\t\t\t\t<\/div>\n\t\t<div class=\"elementor-element elementor-element-20ea67a2 e-flex e-con-boxed e-con e-parent\" data-id=\"20ea67a2\" data-element_type=\"container\" data-e-type=\"container\">\n\t\t\t\t\t<div class=\"e-con-inner\">\n\t\t\t\t\t<\/div>\n\t\t\t\t<\/div>\n\t\t<div class=\"elementor-element elementor-element-4db2265a e-flex e-con-boxed e-con e-parent\" data-id=\"4db2265a\" data-element_type=\"container\" data-e-type=\"container\">\n\t\t\t\t\t<div class=\"e-con-inner\">\n\t\t\t\t\t<\/div>\n\t\t\t\t<\/div>\n\t\t<div class=\"elementor-element elementor-element-1fe914e e-flex e-con-boxed e-con e-parent\" data-id=\"1fe914e\" data-element_type=\"container\" data-e-type=\"container\" data-settings=\"{&quot;background_background&quot;:&quot;classic&quot;}\">\n\t\t\t\t\t<div class=\"e-con-inner\">\n\t\t<div class=\"elementor-element elementor-element-903a173 e-con-full e-flex e-con e-child\" data-id=\"903a173\" data-element_type=\"container\" data-e-type=\"container\">\n\t\t\t\t<div class=\"elementor-element elementor-element-273790f elementor-widget__width-inherit subheading elementor-widget elementor-widget-heading\" data-id=\"273790f\" data-element_type=\"widget\" data-e-type=\"widget\" data-widget_type=\"heading.default\">\n\t\t\t\t\t<h2 class=\"elementor-heading-title elementor-size-default\">Office<\/h2>\t\t\t\t<\/div>\n\t\t\t\t<div class=\"elementor-element elementor-element-76d3ac5 elementor-widget elementor-widget-text-editor\" data-id=\"76d3ac5\" data-element_type=\"widget\" data-e-type=\"widget\" data-widget_type=\"text-editor.default\">\n\t\t\t\t\t\t\t\t\t<p>Tehtaankatu 13A, 11710 Riihim\u00e4ki, Finland<\/p>\t\t\t\t\t\t\t\t<\/div>\n\t\t\t\t<div class=\"elementor-element elementor-element-d6b0c53 elementor-widget elementor-widget-google_maps\" data-id=\"d6b0c53\" data-element_type=\"widget\" data-e-type=\"widget\" data-widget_type=\"google_maps.default\">\n\t\t\t\t\t\t\t<div class=\"elementor-custom-embed\">\n\t\t\t<iframe loading=\"lazy\"\n\t\t\t\t\tsrc=\"https:\/\/maps.google.com\/maps?q=Tehtaankatu%2013A%2C%2011710%20Riihim%C3%A4ki%2C%20Finland&#038;t=m&#038;z=13&#038;output=embed&#038;iwloc=near\"\n\t\t\t\t\ttitle=\"Tehtaankatu 13A, 11710 Riihim\u00e4ki, Finland\"\n\t\t\t\t\taria-label=\"Tehtaankatu 13A, 11710 Riihim\u00e4ki, Finland\"\n\t\t\t><\/iframe>\n\t\t<\/div>\n\t\t\t\t\t\t<\/div>\n\t\t\t\t<\/div>\n\t\t<div class=\"elementor-element elementor-element-f0757d5 e-con-full e-flex e-con e-child\" data-id=\"f0757d5\" data-element_type=\"container\" data-e-type=\"container\">\n\t\t\t\t<div class=\"elementor-element elementor-element-845453a elementor-widget__width-inherit subheading elementor-widget elementor-widget-heading\" data-id=\"845453a\" data-element_type=\"widget\" data-e-type=\"widget\" data-widget_type=\"heading.default\">\n\t\t\t\t\t<h2 class=\"elementor-heading-title elementor-size-default\">Factory<\/h2>\t\t\t\t<\/div>\n\t\t\t\t<div class=\"elementor-element elementor-element-ebc93f3 elementor-widget elementor-widget-text-editor\" data-id=\"ebc93f3\" data-element_type=\"widget\" data-e-type=\"widget\" data-widget_type=\"text-editor.default\">\n\t\t\t\t\t\t\t\t\t<p>Tehdaskyl\u00e4nkatu 3, 11710 Riihim\u00e4ki, Finland<\/p>\t\t\t\t\t\t\t\t<\/div>\n\t\t\t\t<div class=\"elementor-element elementor-element-91452ff elementor-widget elementor-widget-google_maps\" data-id=\"91452ff\" data-element_type=\"widget\" data-e-type=\"widget\" data-widget_type=\"google_maps.default\">\n\t\t\t\t\t\t\t<div class=\"elementor-custom-embed\">\n\t\t\t<iframe loading=\"lazy\"\n\t\t\t\t\tsrc=\"https:\/\/maps.google.com\/maps?q=Tehdaskyl%C3%A4nkatu%203%2C%2011710%20Riihim%C3%A4ki%2C%20Finland&#038;t=m&#038;z=13&#038;output=embed&#038;iwloc=near\"\n\t\t\t\t\ttitle=\"Tehdaskyl\u00e4nkatu 3, 11710 Riihim\u00e4ki, Finland\"\n\t\t\t\t\taria-label=\"Tehdaskyl\u00e4nkatu 3, 11710 Riihim\u00e4ki, Finland\"\n\t\t\t><\/iframe>\n\t\t<\/div>\n\t\t\t\t\t\t<\/div>\n\t\t\t\t<\/div>\n\t\t\t\t\t<\/div>\n\t\t\t\t<\/div>\n\t\t\t\t<\/div>","protected":false},"excerpt":{"rendered":"<p>Contact Us Get in Touch Contact Form Specific Enquiries Sales \/ Tehdaskyl\u00e4nkatu 3, 11710 RIIHIM\u00c4KI, FINLAND sales@kennotech.fi Office \/ Tehtaankatu 13A, 11710 RIIHIM\u00c4KI, FINLAND info@kennotech.fi FACTORY \/ Tehdaskyl\u00e4nkatu 3, 11710 RIIHIM\u00c4KI, FINLAND info@kennotech.fi Office Tehtaankatu 13A, 11710 Riihim\u00e4ki, Finland Factory Tehdaskyl\u00e4nkatu 3, 11710 Riihim\u00e4ki, Finland<\/p>","protected":false},"author":1,"featured_media":0,"parent":0,"menu_order":0,"comment_status":"closed","ping_status":"closed","template":"","meta":{"footnotes":""},"class_list":["post-740","page","type-page","status-publish","hentry"],"_links":{"self":[{"href":"https:\/\/kennotech.fi\/fi\/wp-json\/wp\/v2\/pages\/740","targetHints":{"allow":["GET"]}}],"collection":[{"href":"https:\/\/kennotech.fi\/fi\/wp-json\/wp\/v2\/pages"}],"about":[{"href":"https:\/\/kennotech.fi\/fi\/wp-json\/wp\/v2\/types\/page"}],"author":[{"embeddable":true,"href":"https:\/\/kennotech.fi\/fi\/wp-json\/wp\/v2\/users\/1"}],"replies":[{"embeddable":true,"href":"https:\/\/kennotech.fi\/fi\/wp-json\/wp\/v2\/comments?post=740"}],"version-history":[{"count":5,"href":"https:\/\/kennotech.fi\/fi\/wp-json\/wp\/v2\/pages\/740\/revisions"}],"predecessor-version":[{"id":1561,"href":"https:\/\/kennotech.fi\/fi\/wp-json\/wp\/v2\/pages\/740\/revisions\/1561"}],"wp:attachment":[{"href":"https:\/\/kennotech.fi\/fi\/wp-json\/wp\/v2\/media?parent=740"}],"curies":[{"name":"wp","href":"https:\/\/api.w.org\/{rel}","templated":true}]}}